{"id":40,"date":"2021-06-09T10:37:07","date_gmt":"2021-06-09T10:37:07","guid":{"rendered":"https:\/\/www.raumplanung.co.at\/?page_id=40"},"modified":"2025-12-31T13:06:15","modified_gmt":"2025-12-31T13:06:15","slug":"datenschutzerklaerung","status":"publish","type":"page","link":"https:\/\/www.raumplanung.co.at\/?page_id=40","title":{"rendered":"Datenschutzerkl\u00e4rung"},"content":{"rendered":"\n<p>INFORMATION \u00dcBER DIE DATENVERARBEITUNG LT. DSGVO 2018<\/p>\n\n\n\n<p><strong>DATENSCHUTZERKL\u00c4RUNG<\/strong><\/p>\n\n\n\n<p>Der Schutz Ihrer pers\u00f6nlichen Daten ist uns wichtig. Wir verarbeiten Ihre Daten ausschlie\u00dflich im Rahmen der gesetzlichen Bestimmungen (DSGVO, DSG 2000, TKG 2003). Nachfolgend informieren wir Sie \u00fcber die wichtigsten Aspekte der Datenverarbeitung im Rahmen unserer Gesch\u00e4ftsbeziehung.<\/p>\n\n\n\n<p>Erhebung und Verarbeitung von Daten<\/p>\n\n\n\n<p>Wir verarbeiten jene Daten, die Sie uns direkt oder als Antragsteller bei der Gemeinde zur Durchf\u00fchrung unserer Leistungen zur Verf\u00fcgung stellen bzw. die in \u00f6ffentlichen Registern (z.B. Grundst\u00fccksdatenbank) zur Verf\u00fcgung stehen.<\/p>\n\n\n\n<p>Die Datenverarbeitung erfolgt zu folgenden Zwecken:<\/p>\n\n\n\n<p>Im Rahmen unserer Gesch\u00e4ftsbeziehung werden automationsunterst\u00fctzt (z.B. E-Mailverkehr, Zeichenprogramme) und in Form von archivierten Textdokumenten (z.B. Korrespondenz, Vertr\u00e4ge, Pl\u00e4ne, Bescheide) die von Ihnen angegebenen Daten verarbeitet, um vorvertragliche Ma\u00dfnahmen durchf\u00fchren und den Vertrag im Rahmen unserer Befugnisse erf\u00fcllen zu k\u00f6nnen<\/p>\n\n\n\n<p>Rechtsgrundlagen der Datenverarbeitung:<\/p>\n\n\n\n<p>Die Datenverarbeitung erfolgt auf Basis des Art. 6 Abs. 1 lit. b der DSGVO (Vertragsanbahnung und -erf\u00fcllung). Um Ihren Antrag zu Ihrer vollst\u00e4ndigen Zufriedenheit abwickeln zu k\u00f6nnen, ben\u00f6tigen wir Ihre Daten. Die Datenverarbeitung auf Basis des Art. 6 Abs. 1 lit a (Einwilligung).<\/p>\n\n\n\n<p>Nutzung und Weitergabe der Daten<\/p>\n\n\n\n<p>Ihre Daten verwenden wir ausschlie\u00dflich nur zur Abwicklung des Vertrages, zur Vorbereitung der \u00f6ffentlich rechtlichen Akte der betreffenden Gemeinde, der Beantwortung Ihrer Anfragen, zu Buchhaltungs- und Verrechnungszwecken und f\u00fcr die technische Administration.<\/p>\n\n\n\n<p>Wir geben Ihre personenbezogenen Daten nur in Bearbeitung ihres Ansuchen bei der betreffenden Gemeinde weiter, wenn dies zum Zweck der Vorbereitung der Verfahren der Gemeinde bzw. zu Abrechnungszwecken erforderlich ist oder wenn Sie dazu Ihre Einwilligung erteilt haben.<\/p>\n\n\n\n<p>Die L\u00f6schung Ihrer Daten erfolgt, wenn Ihre Daten zur Erf\u00fcllung des mit der Speicherung verfolgten Zweckes nicht mehr erforderlich sind, oder wenn die Speicherung aus gesetzlichen Gr\u00fcnden unzul\u00e4ssig wird. Daten f\u00fcr Abrechnungszwecke und buchhalterische Zwecke werden von einem L\u00f6schungsverlangen nicht ber\u00fchrt.<\/p>\n\n\n\n<p>Ihre Rechte<\/p>\n\n\n\n<p>Sie haben grunds\u00e4tzlich das Recht auf Auskunft, Berichtigung, L\u00f6schung, Einschr\u00e4nkung der Verarbeitung, Daten\u00fcbertragbarkeit, Widerruf und Widerspruch. Wenn Sie glauben, dass die Verarbeitung Ihrer Daten gegen das Datenschutzrecht verst\u00f6\u00dft oder Ihre datenschutzrechtlichen Anspr\u00fcche in einer anderen Weise verletzt worden sind, k\u00f6nnen Sie sich bei der Datenschutzbeh\u00f6rde beschweren.<\/p>\n\n\n\n<p>Wir weisen Sie ebenso darauf hin, dass wir auch in Zukunft entstehende Daten, der oben beschriebenen Art, weiterhin speichern werden, da dies zur Abwicklung unseres Auftrages notwendig ist. Sollte von Ihrer Seite die Speicherung Ihrer Daten nicht gew\u00fcnscht sein, bitten wir um schriftliche Mitteilung an:<\/p>\n\n\n\n<p>Kontaktdaten: Planungsb\u00fcro DI Andreas Lotz<\/p>\n\n\n\n<p>Ingenieurkonsulent f\u00fcr Raumordnung und Raumplanung<\/p>\n\n\n\n<p>Museumstrasse 37a &#8211; 6020 Innsbruck<\/p>\n\n\n\n<p>+43 512 560390<\/p>\n\n\n\n<p><a href=\"mailto:info@raumplanung.co.at\">info@raumplanung.co.at<\/a><\/p>\n\n\n\n<p>Unsere Datenschutzkoordinator erreichen Sie unter:<\/p>\n\n\n\n<p>DI Andreas Lotz <a href=\"mailto:info@raumplanung.co.at\">info@raumplanung.co.at<\/a><\/p>\n","protected":false},"excerpt":{"rendered":"<p>INFORMATION \u00dcBER DIE DATENVERARBEITUNG LT. DSGVO 2018 DATENSCHUTZERKL\u00c4RUNG Der Schutz Ihrer pers\u00f6nlichen Daten ist uns wichtig. Wir verarbeiten Ihre Daten ausschlie\u00dflich im Rahmen der gesetzlichen Bestimmungen (DSGVO, DSG 2000, TKG 2003). Nachfolgend informieren wir Sie \u00fcber die wichtigsten Aspekte der Datenverarbeitung im Rahmen unserer Gesch\u00e4ftsbeziehung. Erhebung und Verarbeitung von Daten Wir verarbeiten jene Daten, die&hellip; <a class=\"more-link\" href=\"https:\/\/www.raumplanung.co.at\/?page_id=40\"><span class=\"screen-reader-text\">Datenschutzerkl\u00e4rung<\/span> weiterlesen<\/a><\/p>\n","protected":false},"author":1,"featured_media":0,"parent":0,"menu_order":0,"comment_status":"closed","ping_status":"closed","template":"","meta":{"footnotes":""},"class_list":["post-40","page","type-page","status-publish","hentry","entry"],"yoast_head":"<!-- This site is optimized with the Yoast SEO plugin v26.6 - https:\/\/yoast.com\/wordpress\/plugins\/seo\/ -->\n<title>Datenschutzerkl\u00e4rung - Planungsb\u00fcro DI Andreas LOTZ &amp; Partner<\/title>\n<meta name=\"robots\" content=\"index, follow, max-snippet:-1, max-image-preview:large, max-video-preview:-1\" \/>\n<link rel=\"canonical\" href=\"https:\/\/www.raumplanung.co.at\/?page_id=40\" \/>\n<meta property=\"og:locale\" content=\"de_DE\" \/>\n<meta property=\"og:type\" content=\"article\" \/>\n<meta property=\"og:title\" content=\"Datenschutzerkl\u00e4rung - Planungsb\u00fcro DI Andreas LOTZ &amp; Partner\" \/>\n<meta property=\"og:description\" content=\"INFORMATION \u00dcBER DIE DATENVERARBEITUNG LT. DSGVO 2018 DATENSCHUTZERKL\u00c4RUNG Der Schutz Ihrer pers\u00f6nlichen Daten ist uns wichtig. Wir verarbeiten Ihre Daten ausschlie\u00dflich im Rahmen der gesetzlichen Bestimmungen (DSGVO, DSG 2000, TKG 2003). Nachfolgend informieren wir Sie \u00fcber die wichtigsten Aspekte der Datenverarbeitung im Rahmen unserer Gesch\u00e4ftsbeziehung. Erhebung und Verarbeitung von Daten Wir verarbeiten jene Daten, die&hellip; Datenschutzerkl\u00e4rung weiterlesen\" \/>\n<meta property=\"og:url\" content=\"https:\/\/www.raumplanung.co.at\/?page_id=40\" \/>\n<meta property=\"og:site_name\" content=\"Planungsb\u00fcro DI Andreas LOTZ &amp; Partner\" \/>\n<meta property=\"article:modified_time\" content=\"2025-12-31T13:06:15+00:00\" \/>\n<meta name=\"twitter:card\" content=\"summary_large_image\" \/>\n<meta name=\"twitter:label1\" content=\"Gesch\u00e4tzte Lesezeit\" \/>\n\t<meta name=\"twitter:data1\" content=\"3\u00a0Minuten\" \/>\n<script type=\"application\/ld+json\" class=\"yoast-schema-graph\">{\"@context\":\"https:\/\/schema.org\",\"@graph\":[{\"@type\":\"WebPage\",\"@id\":\"https:\/\/www.raumplanung.co.at\/?page_id=40\",\"url\":\"https:\/\/www.raumplanung.co.at\/?page_id=40\",\"name\":\"Datenschutzerkl\u00e4rung - Planungsb\u00fcro DI Andreas LOTZ &amp; Partner\",\"isPartOf\":{\"@id\":\"https:\/\/www.raumplanung.co.at\/#website\"},\"datePublished\":\"2021-06-09T10:37:07+00:00\",\"dateModified\":\"2025-12-31T13:06:15+00:00\",\"breadcrumb\":{\"@id\":\"https:\/\/www.raumplanung.co.at\/?page_id=40#breadcrumb\"},\"inLanguage\":\"de\",\"potentialAction\":[{\"@type\":\"ReadAction\",\"target\":[\"https:\/\/www.raumplanung.co.at\/?page_id=40\"]}]},{\"@type\":\"BreadcrumbList\",\"@id\":\"https:\/\/www.raumplanung.co.at\/?page_id=40#breadcrumb\",\"itemListElement\":[{\"@type\":\"ListItem\",\"position\":1,\"name\":\"Startseite\",\"item\":\"https:\/\/www.raumplanung.co.at\/\"},{\"@type\":\"ListItem\",\"position\":2,\"name\":\"Datenschutzerkl\u00e4rung\"}]},{\"@type\":\"WebSite\",\"@id\":\"https:\/\/www.raumplanung.co.at\/#website\",\"url\":\"https:\/\/www.raumplanung.co.at\/\",\"name\":\"Planungsb\u00fcro DI Andreas LOTZ &amp; Partner\",\"description\":\"Ingenieurkonsulent f\u00fcr Raumordnung und Raumplanung\",\"potentialAction\":[{\"@type\":\"SearchAction\",\"target\":{\"@type\":\"EntryPoint\",\"urlTemplate\":\"https:\/\/www.raumplanung.co.at\/?s={search_term_string}\"},\"query-input\":{\"@type\":\"PropertyValueSpecification\",\"valueRequired\":true,\"valueName\":\"search_term_string\"}}],\"inLanguage\":\"de\"}]}<\/script>\n<!-- \/ Yoast SEO plugin. -->","yoast_head_json":{"title":"Datenschutzerkl\u00e4rung - Planungsb\u00fcro DI Andreas LOTZ &amp; Partner","robots":{"index":"index","follow":"follow","max-snippet":"max-snippet:-1","max-image-preview":"max-image-preview:large","max-video-preview":"max-video-preview:-1"},"canonical":"https:\/\/www.raumplanung.co.at\/?page_id=40","og_locale":"de_DE","og_type":"article","og_title":"Datenschutzerkl\u00e4rung - Planungsb\u00fcro DI Andreas LOTZ &amp; Partner","og_description":"INFORMATION \u00dcBER DIE DATENVERARBEITUNG LT. DSGVO 2018 DATENSCHUTZERKL\u00c4RUNG Der Schutz Ihrer pers\u00f6nlichen Daten ist uns wichtig. Wir verarbeiten Ihre Daten ausschlie\u00dflich im Rahmen der gesetzlichen Bestimmungen (DSGVO, DSG 2000, TKG 2003). Nachfolgend informieren wir Sie \u00fcber die wichtigsten Aspekte der Datenverarbeitung im Rahmen unserer Gesch\u00e4ftsbeziehung. Erhebung und Verarbeitung von Daten Wir verarbeiten jene Daten, die&hellip; Datenschutzerkl\u00e4rung weiterlesen","og_url":"https:\/\/www.raumplanung.co.at\/?page_id=40","og_site_name":"Planungsb\u00fcro DI Andreas LOTZ &amp; Partner","article_modified_time":"2025-12-31T13:06:15+00:00","twitter_card":"summary_large_image","twitter_misc":{"Gesch\u00e4tzte Lesezeit":"3\u00a0Minuten"},"schema":{"@context":"https:\/\/schema.org","@graph":[{"@type":"WebPage","@id":"https:\/\/www.raumplanung.co.at\/?page_id=40","url":"https:\/\/www.raumplanung.co.at\/?page_id=40","name":"Datenschutzerkl\u00e4rung - Planungsb\u00fcro DI Andreas LOTZ &amp; Partner","isPartOf":{"@id":"https:\/\/www.raumplanung.co.at\/#website"},"datePublished":"2021-06-09T10:37:07+00:00","dateModified":"2025-12-31T13:06:15+00:00","breadcrumb":{"@id":"https:\/\/www.raumplanung.co.at\/?page_id=40#breadcrumb"},"inLanguage":"de","potentialAction":[{"@type":"ReadAction","target":["https:\/\/www.raumplanung.co.at\/?page_id=40"]}]},{"@type":"BreadcrumbList","@id":"https:\/\/www.raumplanung.co.at\/?page_id=40#breadcrumb","itemListElement":[{"@type":"ListItem","position":1,"name":"Startseite","item":"https:\/\/www.raumplanung.co.at\/"},{"@type":"ListItem","position":2,"name":"Datenschutzerkl\u00e4rung"}]},{"@type":"WebSite","@id":"https:\/\/www.raumplanung.co.at\/#website","url":"https:\/\/www.raumplanung.co.at\/","name":"Planungsb\u00fcro DI Andreas LOTZ &amp; Partner","description":"Ingenieurkonsulent f\u00fcr Raumordnung und Raumplanung","potentialAction":[{"@type":"SearchAction","target":{"@type":"EntryPoint","urlTemplate":"https:\/\/www.raumplanung.co.at\/?s={search_term_string}"},"query-input":{"@type":"PropertyValueSpecification","valueRequired":true,"valueName":"search_term_string"}}],"inLanguage":"de"}]}},"_links":{"self":[{"href":"https:\/\/www.raumplanung.co.at\/index.php?rest_route=\/wp\/v2\/pages\/40","targetHints":{"allow":["GET"]}}],"collection":[{"href":"https:\/\/www.raumplanung.co.at\/index.php?rest_route=\/wp\/v2\/pages"}],"about":[{"href":"https:\/\/www.raumplanung.co.at\/index.php?rest_route=\/wp\/v2\/types\/page"}],"author":[{"embeddable":true,"href":"https:\/\/www.raumplanung.co.at\/index.php?rest_route=\/wp\/v2\/users\/1"}],"replies":[{"embeddable":true,"href":"https:\/\/www.raumplanung.co.at\/index.php?rest_route=%2Fwp%2Fv2%2Fcomments&post=40"}],"version-history":[{"count":2,"href":"https:\/\/www.raumplanung.co.at\/index.php?rest_route=\/wp\/v2\/pages\/40\/revisions"}],"predecessor-version":[{"id":66,"href":"https:\/\/www.raumplanung.co.at\/index.php?rest_route=\/wp\/v2\/pages\/40\/revisions\/66"}],"wp:attachment":[{"href":"https:\/\/www.raumplanung.co.at\/index.php?rest_route=%2Fwp%2Fv2%2Fmedia&parent=40"}],"curies":[{"name":"wp","href":"https:\/\/api.w.org\/{rel}","templated":true}]}}